{"id":3,"date":"2024-09-10T06:27:19","date_gmt":"2024-09-10T06:27:19","guid":{"rendered":"https:\/\/casamarsilli.com\/?page_id=3"},"modified":"2024-09-27T09:43:45","modified_gmt":"2024-09-27T07:43:45","slug":"privacy-policy","status":"publish","type":"page","link":"https:\/\/casamarsilli.com\/it_it\/privacy-policy\/","title":{"rendered":"Privacy Policy"},"content":{"rendered":"\t\t<div data-elementor-type=\"wp-page\" data-elementor-id=\"3\" class=\"elementor elementor-3\" data-elementor-post-type=\"page\">\n\t\t\t\t<div class=\"elementor-element elementor-element-3879413 e-flex e-con-boxed e-con e-parent\" data-id=\"3879413\" data-element_type=\"container\" data-settings=\"{&quot;background_background&quot;:&quot;classic&quot;}\">\n\t\t\t\t\t<div class=\"e-con-inner\">\n\t\t\t\t\t<\/div>\n\t\t\t\t<\/div>\n\t\t<div class=\"elementor-element elementor-element-27afc208 e-flex e-con-boxed e-con e-parent\" data-id=\"27afc208\" data-element_type=\"container\">\n\t\t\t\t\t<div class=\"e-con-inner\">\n\t\t\t\t<div class=\"elementor-element elementor-element-7f5459cf elementor-widget elementor-widget-text-editor\" data-id=\"7f5459cf\" data-element_type=\"widget\" data-widget_type=\"text-editor.default\">\n\t\t\t\t<div class=\"elementor-widget-container\">\n\t\t\t\t\t\t\t<!-- wp:heading -->\n<h2 class=\"wp-block-heading\"><strong>Privacy Policy<\/strong><\/h2>\n<!-- \/wp:heading -->\n\n<!-- wp:paragraph -->\n<p>In questa pagina si descrivono le modalit\u00e0 di gestione del sito casamarsilli.com in riferimento al trattamento dei dati personali degli utenti che lo consultano.<\/p>\n<!-- \/wp:paragraph -->\n\n<!-- wp:paragraph -->\n<p>cortedelteatro.com chiede, per poter fornire i propri servizi, al cliente alcune informazioni.<\/p>\n<!-- \/wp:paragraph -->\n\n<!-- wp:paragraph -->\n<p>I dati personali che il cliente trasmette navigando su questo sito web (di seguito \u201cSito\u201d) sono trattati con correttezza e trasparenza per fini leciti e tutelando la Sua riservatezza ed i Suoi diritti nel rispetto della normativa comunitaria in materia di protezione dei dati personali (Reg. UE 2016\/679).<\/p>\n<!-- \/wp:paragraph -->\n\n<!-- wp:paragraph -->\n<p>Il presente documento non include i trattamenti svolti su altri siti web eventualmente consultabili dall\u2019utente tramite link presenti sul Sito.<\/p>\n<!-- \/wp:paragraph -->\n\n<!-- wp:paragraph -->\n<p>I trattamenti verranno effettuati con le seguenti finalit\u00e0 e modalit\u00e0:<\/p>\n<!-- \/wp:paragraph -->\n\n<!-- wp:paragraph -->\n<p><strong>1. Titolare del trattamento.<\/strong><\/p>\n<!-- \/wp:paragraph -->\n\n<!-- wp:paragraph -->\n<p>Ai sensi della normativa citata, il Titolare del Trattamento casamarsilli.com \u2013 LS IMOOBILIARE SRL \u2013 Via del Municipio 26 \u2013 31100 Treviso \u2013 PIVA: 05492000269 \u2013 REA: TV-448341 &#8211; info@casamarsilli.com<\/p>\n<!-- \/wp:paragraph -->\n\n<!-- wp:paragraph -->\n<p><strong>2. Oggetto del trattamento.<\/strong><\/p>\n<!-- \/wp:paragraph -->\n\n<!-- wp:paragraph -->\n<p>Il Titolare tratter\u00e0 i dati personali trasmessi dal cliente navigando sul Sito (nome, cognome, Email, telefono, numero di carta di credito) unicamente per le finalit\u00e0 indicate nella presente informativa.<\/p>\n<!-- \/wp:paragraph -->\n\n<!-- wp:paragraph -->\n<p>All\u2019arrivo del cliente presso la struttura, verranno richiesti anche gli estremi di un documento di riconoscimento per poter rispettare gli obblighi di legge imposti alle strutture ricettizie.<\/p>\n<!-- \/wp:paragraph -->\n\n<!-- wp:paragraph -->\n<p>In caso di emissione di fattura verranno richiesti al cliente anche l\u2019indirizzo di residenza ed il codice fiscale cos\u00ec come previsto dal DPR 633\/72.<\/p>\n<!-- \/wp:paragraph -->\n\n<!-- wp:paragraph -->\n<p><strong>3. Finalit\u00e0 del trattamento.<\/strong><\/p>\n<!-- \/wp:paragraph -->\n\n<!-- wp:paragraph -->\n<p>Le finalit\u00e0 del trattamento perseguite in linea generale dal Titolare possono riassumersi come segue:<\/p>\n<!-- \/wp:paragraph -->\n\n<!-- wp:list -->\n<ul class=\"wp-block-list\"><!-- wp:list-item -->\n<li>per consentire al cliente di prenotare e pagare un soggiorno presso la struttura;<\/li>\n<!-- \/wp:list-item -->\n\n<!-- wp:list-item -->\n<li>per consentire al cliente di inviare una mail di contatto con delle richieste particolari;<\/li>\n<!-- \/wp:list-item -->\n\n<!-- wp:list-item -->\n<li>per adempiere agli obblighi imposti alle strutture ricettive dalla legge.<\/li>\n<!-- \/wp:list-item --><\/ul>\n<!-- \/wp:list -->\n\n<!-- wp:paragraph -->\n<p><strong>4. Categorie di dati personali in questione.<\/strong><\/p>\n<!-- \/wp:paragraph -->\n\n<!-- wp:paragraph -->\n<p>I dati trattati saranno quelli, pi\u00f9 sopra descritti, strettamente necessari alla fornitura del servizio richiesto.<\/p>\n<!-- \/wp:paragraph -->\n\n<!-- wp:paragraph -->\n<p><strong>5. Destinatari o eventuali categorie di destinatari dei dati personali.<\/strong><\/p>\n<!-- \/wp:paragraph -->\n\n<!-- wp:paragraph -->\n<p>I dati del cliente saranno comunicati ai seguenti soggetti:<\/p>\n<!-- \/wp:paragraph -->\n\n<!-- wp:list -->\n<ul class=\"wp-block-list\"><!-- wp:list-item -->\n<li>Questura di Venezia, in adempimento degli obblighi di legge (limitatamente a nome, cognome ed estremi del documento di identit\u00e0);<\/li>\n<!-- \/wp:list-item -->\n\n<!-- wp:list-item -->\n<li>Sistema di prenotazione on-line: Krossbooking;<\/li>\n<!-- \/wp:list-item -->\n\n<!-- wp:list-item -->\n<li>Lo studio commercialistico incaricato di curare gli adempimenti di natura amministrativa, contabile e fiscale.<\/li>\n<!-- \/wp:list-item --><\/ul>\n<!-- \/wp:list -->\n\n<!-- wp:paragraph -->\n<p>I dati del cliente non saranno diffusi.<\/p>\n<!-- \/wp:paragraph -->\n\n<!-- wp:paragraph -->\n<p><strong>6. Trasferimento dati.<\/strong><\/p>\n<!-- \/wp:paragraph -->\n\n<!-- wp:paragraph -->\n<p>La gestione e la conservazione dei dati personali avverr\u00e0 su server del Titolare e\/o di societ\u00e0 terze incaricate, ubicati all\u2019interno dell\u2019UE e non verr\u00e0 effettuato alcun trasferimento degli stessi al di fuori del territorio dell\u2019Unione Europea.<\/p>\n<!-- \/wp:paragraph -->\n\n<!-- wp:paragraph -->\n<p><strong>7. Periodo di conservazione dei dati.<\/strong><\/p>\n<!-- \/wp:paragraph -->\n\n<!-- wp:paragraph -->\n<p>Il Titolare tratterr\u00e0 i dati personali forniti (nome, cognome, Email, telefono, numero di carta di credito, estremi del documento di identit\u00e0) per il tempo necessario per adempiere alle finalit\u00e0 sopra descritte; i dati verranno cancellati, di conseguenza, dopo sette giorni dalla fine del soggiorno onde dare il tempo al Titolare di verificare che l\u2019immobile sia stato restituito in buone condizioni. I soli dati fiscali (nome, cognome, indirizzo di residenza e codice fiscale), in caso di emissione di fattura, saranno conservati per 10 anni cos\u00ec come previsto per legge.<\/p>\n<!-- \/wp:paragraph -->\n\n<!-- wp:paragraph -->\n<p><strong>8. Diritti dell\u2019interessato.<\/strong><\/p>\n<!-- \/wp:paragraph -->\n\n<!-- wp:paragraph -->\n<p>Nella qualit\u00e0 di interessato, il cliente ha i seguenti diritti:<\/p>\n<!-- \/wp:paragraph -->\n\n<!-- wp:paragraph -->\n<p>a) il diritto di chiedere al Titolare del trattamento l\u2019accesso ai dati personali e, se esistenti, la rettifica o la cancellazione degli stessi o la limitazione del trattamento che lo riguardano o di opporsi al loro trattamento, oltre al diritto alla portabilit\u00e0 dei dati;<\/p>\n<!-- \/wp:paragraph -->\n\n<!-- wp:paragraph -->\n<p>b) il diritto di proporre reclamo a un\u2019autorit\u00e0 di controllo.<\/p>\n<!-- \/wp:paragraph -->\n\n<!-- wp:paragraph -->\n<p>Il cliente potr\u00e0 esercitare i predetti diritti inviando una mail al Titolare del trattamento all\u2019indirizzo di cui al precedente art. 1).<\/p>\n<!-- \/wp:paragraph -->\n\n<!-- wp:paragraph -->\n<p><strong>9. Natura del conferimento dei dati e conseguenze del rifiuto di rispondere.<\/strong><\/p>\n<!-- \/wp:paragraph -->\n\n<!-- wp:paragraph -->\n<p>La comunicazione dei dati per le finalit\u00e0 sopra indicate \u00e8 necessaria ed obbligatoria. In loro assenza, infatti, non sar\u00e0 possibile fornire al cliente i servizi descritti all\u2019art. 3).<\/p>\n<!-- \/wp:paragraph -->\t\t\t\t\t\t<\/div>\n\t\t\t\t<\/div>\n\t\t\t\t\t<\/div>\n\t\t\t\t<\/div>\n\t\t\t\t<\/div>\n\t\t","protected":false},"excerpt":{"rendered":"<p>Privacy Policy In questa pagina si descrivono le modalit\u00e0 di gestione del sito casamarsilli.com in riferimento al trattamento dei dati personali degli utenti che lo consultano. cortedelteatro.com chiede, per poter fornire i propri servizi, al cliente alcune informazioni. I dati personali che il cliente trasmette navigando su questo sito web (di seguito \u201cSito\u201d) sono trattati [&hellip;]<\/p>\n","protected":false},"author":1,"featured_media":0,"parent":0,"menu_order":0,"comment_status":"closed","ping_status":"closed","template":"","meta":{"footnotes":""},"class_list":["post-3","page","type-page","status-publish","hentry"],"aioseo_notices":[],"_links":{"self":[{"href":"https:\/\/casamarsilli.com\/it_it\/wp-json\/wp\/v2\/pages\/3","targetHints":{"allow":["GET"]}}],"collection":[{"href":"https:\/\/casamarsilli.com\/it_it\/wp-json\/wp\/v2\/pages"}],"about":[{"href":"https:\/\/casamarsilli.com\/it_it\/wp-json\/wp\/v2\/types\/page"}],"author":[{"embeddable":true,"href":"https:\/\/casamarsilli.com\/it_it\/wp-json\/wp\/v2\/users\/1"}],"replies":[{"embeddable":true,"href":"https:\/\/casamarsilli.com\/it_it\/wp-json\/wp\/v2\/comments?post=3"}],"version-history":[{"count":7,"href":"https:\/\/casamarsilli.com\/it_it\/wp-json\/wp\/v2\/pages\/3\/revisions"}],"predecessor-version":[{"id":361,"href":"https:\/\/casamarsilli.com\/it_it\/wp-json\/wp\/v2\/pages\/3\/revisions\/361"}],"wp:attachment":[{"href":"https:\/\/casamarsilli.com\/it_it\/wp-json\/wp\/v2\/media?parent=3"}],"curies":[{"name":"wp","href":"https:\/\/api.w.org\/{rel}","templated":true}]}}